{"id":4350,"date":"2023-04-11T20:13:10","date_gmt":"2023-04-11T18:13:10","guid":{"rendered":"https:\/\/busfreundewp.chatacomben.de\/index.php\/orga-und-begruessung\/"},"modified":"2025-04-15T18:21:15","modified_gmt":"2025-04-15T16:21:15","slug":"orga-und-begruessung","status":"publish","type":"page","link":"https:\/\/vw-bus-freunde-lenggries.de\/index.php\/orga-und-begruessung\/","title":{"rendered":"Orga und Begr\u00fcssung"},"content":{"rendered":"<div data-colibri-id=\"4350-c1\" class=\"style-552 style-local-4350-c1 position-relative\">\n  <!---->\n  <div data-colibri-component=\"section\" data-colibri-id=\"4350-c2\" id=\"custom\" class=\"h-section h-section-global-spacing d-flex align-items-lg-center align-items-md-center align-items-center style-553 style-local-4350-c2 position-relative\">\n    <!---->\n    <!---->\n    <div class=\"h-section-grid-container h-section-boxed-container\">\n      <!---->\n      <div data-colibri-id=\"4350-c3\" class=\"h-row-container gutters-row-lg-2 gutters-row-md-2 gutters-row-0 gutters-row-v-lg-2 gutters-row-v-md-2 gutters-row-v-2 style-554 style-local-4350-c3 position-relative\">\n        <!---->\n        <div class=\"h-row justify-content-lg-center justify-content-md-center justify-content-center align-items-lg-stretch align-items-md-stretch align-items-stretch gutters-col-lg-2 gutters-col-md-2 gutters-col-0 gutters-col-v-lg-2 gutters-col-v-md-2 gutters-col-v-2\">\n          <!---->\n          <div class=\"h-column h-column-container d-flex h-col-lg-auto h-col-md-auto h-col-auto style-555-outer style-local-4350-c4-outer\">\n            <div data-colibri-id=\"4350-c4\" class=\"d-flex h-flex-basis h-column__inner h-px-lg-2 h-px-md-2 h-px-2 v-inner-lg-2 v-inner-md-2 v-inner-2 style-555 style-local-4350-c4 position-relative\">\n              <!---->\n              <!---->\n              <div class=\"w-100 h-y-container h-column__content h-column__v-align flex-basis-100 align-self-lg-start align-self-md-start align-self-start\">\n                <!---->\n                <div data-colibri-id=\"4350-c5\" class=\"h-text h-text-component style-556 style-local-4350-c5 position-relative h-element\">\n                  <!---->\n                  <!---->\n                  <div class=\"\">\n                    <p>Wir d\u00fcrfen Euch auf einem naturgewaltigen Campingplatz im s\u00fcdlichen Oberbayern, zwischen Garmisch Partenkirchen, Kr\u00fcn und Mittenwald begr\u00fc\u00dfen. Ein Platz in mitten von B\u00e4umen, umsp\u00fclt von der Isar und am Fu\u00dfe des bis zu 2749m hohen\n                      Karwendelgebirges. Direkt vor der Karwendelspitze mit ihrer imposanten Felswand und unweit von Mittenwald. Ein nat\u00fcrlicher und romantischer Platz, fast wie in Norwegen.&nbsp;\n                      <br>So freuen wir uns Euch auf dem Naturcampingpark Isarhorn vom 27.06.2025 von 12 Uhr bis 29.06.2025 12 Uhr begr\u00fc\u00dfen zu d\u00fcrfen (fr\u00fchere Anreise oder l\u00e4ngeres Bleiben\u2026 siehe weiter unten). Am Sonntag bitten die Campingplatzbetreiber\n                      den Stellplatz bis 12 Uhr zu r\u00e4umen.&nbsp;\n                      <br>Das Ausf\u00fcllen aller Felder im Anmeldeformular ist verpflichtend, ansonsten ist die Anmeldung nicht m\u00f6glich. Bitte gebt im Feld f\u00fcr Anmerkungen Eure ungef\u00e4hre Ankunftszeit an. Freitag oder Samstag vormittags, mittags, abends\u2026 kurz\n                      vor 23 Uhr.&nbsp;Es sind nur Einzelanmeldungen m\u00f6glich, keine Gruppenanmeldungen.<\/p>\n                    <p>\n                      <br>\n                    <\/p>\n                    <p>Anmeldungen zum 24. internationalen VW Bus S\u00fcdbayerntreffen erfolgen ausschlie\u00dflich \u00fcber unsere Onlineameldung.&nbsp;Der Campingplatz selbst nimmt keinerlei Reservierungen f\u00fcr das Bustreffen an.<\/p>\n                    <p>Bitte druckt Euch die Anmeldung am Ende aus und bringt sie mit, das macht es uns beim Empfang einfacher.<\/p>\n                    <p>Ein besonderer Service f\u00fcr Euch ist die Anmietung von H\u00fctten und Wohnf\u00e4ssern auf dem Platz. Wer gerade keinen Bus hat oder&#8230; Auf der Homepage des Campingplatz unter der Rubrik H\u00fctten + Schlaff\u00e4sser findet ihr weitere Informationen.&nbsp;\n                      <br>Bitte verbindlichen Voranmeldung an&nbsp;isarflipper@vw-bus-freunde-lenggries.de, wir geben die Reservierungsanfrage&nbsp;an den Campingplatz weiter. Der Campingplatz selbst nimmt auch hierf\u00fcr keinerlei Reservierungen f\u00fcr das Bustreffen\n                      an!&nbsp;\n                      <br>Nat\u00fcrlich gibt es auf dem Campingplatz Isarhorn einen Kinderspielplatz. Das sch\u00f6nste Spieleparadies f\u00fcr Kinder wird eher die wild romantische und zu Abenteuern einladende Natur sein.&nbsp;\n                      <br>\n                    <\/p>\n                    <p>Die Homepage des Naturcampingpark Isarhorn&nbsp;\n                      <br>Naturcampingpark Isarhorn&nbsp;\n                      <br>Familie Haaf&nbsp;\n                      <br>Am Horn 4&nbsp;\n                      <br>82481 Mittenwald&nbsp;\n                      <br>Tel. 08823\/5216&nbsp;\n                      <br>Fax 08823\/8091<\/p>\n                    <p>Ihr k\u00f6nnt auf dem Treffen bis maximal 23 Uhr auf den Platz fahren.&nbsp;\n                      <br>Wer fr\u00fcher anreist oder gerne auch l\u00e4nger bleiben m\u00f6chte, ist dem Campingplatz Isarhorn herzlich willkommen und darf sich an der Campingplatz Rezeption anmelden. Bitte gebt an, dass ihr zum VW Bus Treffen m\u00f6chtet und legt Eure Anmeldung\n                      zum Bustreffen vor. Euch wird dann ein Platz zugewiesen. Ggfs. m\u00fcssen wir Euch dann nochmals umstellen, damit wir alle G\u00e4ste auf den Platz bekommen.&nbsp;\n                      <br>Auf dem Gel\u00e4nde des Campingparks befinden sich ein Klettergarten, ein 11 m hoher Kletterturm mit 200 qm Kletterfl\u00e4che und ein ca. 300 m langer, bis 13 m hoher Naturseilgarten. Kletterturm und Naturseilgarten k\u00f6nnen von den Campingg\u00e4sten\n                      gegen Geb\u00fchr benutzt werden.\n                      <br>Weitere Infos:&nbsp;www.alpenwelt-event.de&nbsp;Derzeit befindet sich der Klettergarten im Neuaufbau. Bitte informiert Euch ob er ge\u00f6ffnet hat.\n                      <br>\n                      <br>Das Gel\u00e4nde ist nicht immer eben. Nehmt Euch Unterlegmaterial oder Auffahrkeile mit.<\/p>\n                    <p>Wer eine Emailadresse angibt bekommt die Anmeldung per Mail ebenfalls nochmal zugesendet. Bitte druckt Euch die Anmeldung am Ende aus und bringt sie mit, das macht es uns beim Empfang einfacher :&nbsp;\n                      <br>!!! \u00c4nderungen sind jederzeit m\u00f6glich. Informiert Euch nochmals kurz vor dem Treffen auf unserer Homepage&nbsp;www.vw-bus-freunde-lenggries.de&nbsp;, sowie&nbsp;www.camping-isarhorn.de&nbsp;!!<\/p>\n                    <p>Wir freuen uns, Euch zum 24. Internationalem VW Bus S\u00fcdbayerntreffen begr\u00fc\u00dfen zu d\u00fcrfen.<\/p>\n                    <p>\n                      <br>\n                    <\/p>\n                  <\/div>\n                <\/div>\n              <\/div>\n            <\/div>\n          <\/div>\n        <\/div>\n      <\/div>\n      <div data-colibri-id=\"4350-c6\" class=\"h-row-container gutters-row-lg-2 gutters-row-md-2 gutters-row-0 gutters-row-v-lg-2 gutters-row-v-md-2 gutters-row-v-2 style-557 style-local-4350-c6 position-relative\">\n        <!---->\n        <div class=\"h-row justify-content-lg-center justify-content-md-center justify-content-center align-items-lg-stretch align-items-md-stretch align-items-stretch gutters-col-lg-2 gutters-col-md-2 gutters-col-0 gutters-col-v-lg-2 gutters-col-v-md-2 gutters-col-v-2\">\n          <!---->\n          <div class=\"h-column h-column-container d-flex h-col-lg-auto h-col-md-auto h-col-auto style-558-outer style-local-4350-c7-outer\">\n            <div data-colibri-id=\"4350-c7\" class=\"d-flex h-flex-basis h-column__inner h-px-lg-2 h-px-md-2 h-px-2 v-inner-lg-2 v-inner-md-2 v-inner-2 style-558 style-local-4350-c7 position-relative\">\n              <!---->\n              <!---->\n              <div class=\"w-100 h-y-container h-column__content h-column__v-align flex-basis-100 align-self-lg-start align-self-md-start align-self-start\">\n                <!---->\n                <div data-colibri-id=\"4350-c8\" class=\"h-x-container style-559 style-local-4350-c8 position-relative h-element\">\n                  <!---->\n                  <div class=\"h-x-container-inner style-dynamic-4350-c8-group style-559-spacing style-local-4350-c8-spacing\"><span class=\"h-button__outer style-560-outer style-local-4350-c9-outer d-inline-flex h-element\"><a h-use-smooth-scroll=\"true\" href=\"https:\/\/vw-bus-freunde-lenggries.de\/index.php\/shop\/\"  data-colibri-id=\"4350-c9\" class=\"d-flex w-100 align-items-center h-button justify-content-lg-center justify-content-md-center justify-content-center style-560 style-local-4350-c9 position-relative\"><!----><!----> <span>Zur Anmeldung<\/span><\/a>\n                    <\/span>\n                  <\/div>\n                <\/div>\n              <\/div>\n            <\/div>\n          <\/div>\n        <\/div>\n      <\/div>\n    <\/div>\n  <\/div>\n<\/div>","protected":false},"excerpt":{"rendered":"<p>Wir d\u00fcrfen Euch auf einem naturgewaltigen Campingplatz im s\u00fcdlichen Oberbayern, zwischen Garmisch Partenkirchen, Kr\u00fcn und Mittenwald begr\u00fc\u00dfen. Ein Platz in mitten von B\u00e4umen, umsp\u00fclt von der Isar und am Fu\u00dfe des bis zu 2749m hohen Karwendelgebirges. Direkt vor der Karwendelspitze mit ihrer imposanten Felswand und unweit von Mittenwald. Ein nat\u00fcrlicher und romantischer Platz, fast wie [&hellip;]<\/p>\n","protected":false},"author":1,"featured_media":0,"parent":0,"menu_order":0,"comment_status":"closed","ping_status":"closed","template":"page-templates\/full-width-page.php","meta":{"footnotes":""},"class_list":["post-4350","page","type-page","status-publish","hentry","gallery-content-unit"],"_links":{"self":[{"href":"https:\/\/vw-bus-freunde-lenggries.de\/index.php\/wp-json\/wp\/v2\/pages\/4350","targetHints":{"allow":["GET"]}}],"collection":[{"href":"https:\/\/vw-bus-freunde-lenggries.de\/index.php\/wp-json\/wp\/v2\/pages"}],"about":[{"href":"https:\/\/vw-bus-freunde-lenggries.de\/index.php\/wp-json\/wp\/v2\/types\/page"}],"author":[{"embeddable":true,"href":"https:\/\/vw-bus-freunde-lenggries.de\/index.php\/wp-json\/wp\/v2\/users\/1"}],"replies":[{"embeddable":true,"href":"https:\/\/vw-bus-freunde-lenggries.de\/index.php\/wp-json\/wp\/v2\/comments?post=4350"}],"version-history":[{"count":10,"href":"https:\/\/vw-bus-freunde-lenggries.de\/index.php\/wp-json\/wp\/v2\/pages\/4350\/revisions"}],"predecessor-version":[{"id":6598,"href":"https:\/\/vw-bus-freunde-lenggries.de\/index.php\/wp-json\/wp\/v2\/pages\/4350\/revisions\/6598"}],"wp:attachment":[{"href":"https:\/\/vw-bus-freunde-lenggries.de\/index.php\/wp-json\/wp\/v2\/media?parent=4350"}],"curies":[{"name":"wp","href":"https:\/\/api.w.org\/{rel}","templated":true}]}}